{"id":2769,"date":"2020-08-25T20:40:07","date_gmt":"2020-08-25T18:40:07","guid":{"rendered":"https:\/\/rival.pl\/?page_id=2769"},"modified":"2020-08-25T23:44:43","modified_gmt":"2020-08-25T21:44:43","slug":"rival-online","status":"publish","type":"page","link":"https:\/\/rival.pl\/en\/rival-online\/","title":{"rendered":"RIVAL Online"},"content":{"rendered":"<p>[vc_row full_width=&#8221;stretch_row&#8221; css_animation=&#8221;none&#8221; bg_type=&#8221;image&#8221; parallax_style=&#8221;vcpb-vz-jquery&#8221; bg_image_new=&#8221;id^197|url^http:\/\/rival.pl\/wp-content\/uploads\/2017\/06\/triangles_thin_bg.jpg|caption^null|alt^null|title^triangles_thin_bg|description^null&#8221; parallax_content=&#8221;parallax_content_value&#8221; seperator_enable=&#8221;seperator_enable_value&#8221; seperator_type=&#8221;xlarge_triangle_left_seperator&#8221; seperator_position=&#8221;bottom_seperator&#8221; seperator_svg_height=&#8221;175&#8243; seperator_shape_background=&#8221;#f7f7f7&#8243; css=&#8221;.vc_custom_1597666421445{margin-right: 45px !important;margin-left: 45px !important;padding-top: 75px !important;padding-bottom: 225px !important;}&#8221;][vc_column]<div id=\"ultimate-heading-393269eb829a55582\" class=\"uvc-heading ult-adjust-bottom-margin ultimate-heading-393269eb829a55582 uvc-2986 \" data-hspacer=\"no_spacer\"  data-halign=\"center\" style=\"text-align:center\"><div class=\"uvc-heading-spacer no_spacer\" style=\"top\"><\/div><div class=\"uvc-main-heading ult-responsive\"  data-ultimate-target='.uvc-heading.ultimate-heading-393269eb829a55582 h2'  data-responsive-json-new='{\"font-size\":\"desktop:45px;\",\"line-height\":\"\"}' ><h2 style=\"font-family:&#039;Poppins&#039;;font-weight:700;color:#ffffff;\">RIVAL ONLINE<\/h2><\/div><\/div>[\/vc_column][\/vc_row][vc_row full_width=&#8221;stretch_row&#8221;][vc_column]<div id=\"uvc-type-wrap-8696\"  data-ultimate-target='#uvc-type-wrap-8696'  data-responsive-json-new='{\"font-size\":\"desktop:35px;\",\"line-height\":\"desktop:55px;\"}'  class=\"uvc-type-wrap vc_custom_1597661954352 ult-adjust-bottom-margin ult-responsive  uvc-type-align-center uvc-type-no-prefix uvc-wrap-259909322269eb829a555f8\" style=\"text-align:center;\"><span id=\"typed-259909322269eb829a555f8\" class=\"ultimate-typed-main \" style=\"color:#57e2cd; font-family:&#039;Poppins&#039;;font-weight:normal; text-transform: unset;\"><\/span><script type=\"text\/javascript\">\n\t\t\t\t\t\tjQuery(function($){ \n\t\t\t\t\t\t\t$(document).ready(function(){\n\t\t\t\t\t\t\t\tif( typeof jQuery(\"#typed-259909322269eb829a555f8\").typed == \"function\"){\n\t\t\t\t\t\t\t\t\t$(\"#typed-259909322269eb829a555f8\").typed({\n\t\t\t\t\t\t\t\t\t\tstrings: [\"Czym si\u0119 zajmujemy\"],\n\t\t\t\t\t\t\t\t\t\ttypeSpeed: 35,\n\t\t\t\t\t\t\t\t\t\tbackSpeed: 0,\n\t\t\t\t\t\t\t\t\t\tstartDelay: \"200\",\n\t\t\t\t\t\t\t\t\t\tbackDelay: \"1500\",\n\t\t\t\t\t\t\t\t\t\tloop: false,\n\t\t\t\t\t\t\t\t\t\tloopCount: false,\n\t\t\t\t\t\t\t\t\t\tshowCursor: true,\n\t\t\t\t\t\t\t\t\t\tcursorChar: \"|\",\n\t\t\t\t\t\t\t\t\t\tattr: null\n\t\t\t\t\t\t\t\t\t});\n\t\t\t\t\t\t\t\t}\n\t\t\t\t\t\t\t});\n\t\t\t\t\t\t});\n\t\t\t\t\t<\/script><\/div>[\/vc_column][\/vc_row][vc_row full_width=&#8221;stretch_row&#8221; css_animation=&#8221;none&#8221; bg_type=&#8221;bg_color&#8221; seperator_enable=&#8221;seperator_enable_value&#8221; seperator_position=&#8221;bottom_seperator&#8221; css=&#8221;.vc_custom_1597661936668{margin-right: 75px !important;margin-left: 75px !important;padding-top: 5px !important;}&#8221; bg_color_value=&#8221;#f7f7f7&#8243; el_class=&#8221;gteamrow&#8221;][vc_column width=&#8221;1\/4&#8243;]<div class=\"ult-team-member-wrap ult-style-1 gteam1280fix \"><a href=\"https:\/\/rival.pl\/bezpieczny-event\/\" title=\"Bezpieczny event\" ><div class=\"ult-team-member-image\" style=\"\"> <img decoding=\"async\" class=\"\" src=\"https:\/\/rival.pl\/wp-content\/uploads\/2020\/08\/Bezpieczny-Event.png\" alt=\"null\"  style=\"\"><span class=\"ult-team-member-image-overlay ult-team_img_hover\" data-background_clr = \"rgba(87,226,205,0.45)\" ><\/span><\/div><\/a><div class=\"ult-team-member-bio-wrap style-1 ultimate-heading69eb829a55a70\" style=\"text-align:center;; \"><div class=\"ult-team-member-name-wrap\"><a href=\"https:\/\/rival.pl\/bezpieczny-event\/\" title=\"Bezpieczny event\"  style=\"text-decoration: none;\"><h2 class=\"ult-team-member-name ult-responsive\"  data-ultimate-target='.ult-team-member-bio-wrap.ultimate-heading69eb829a55a70 .ult-team-member-name'  data-responsive-json-new='{\"font-size\":\"desktop:21px;\",\"line-height\":\"\"}'  style=\"font-family:Poppins;font-weight:500;color:#717174;\">Bezpieczny event<\/h2><\/a><div class=\"ult-team-member-description ult-responsive\"  data-ultimate-target='.ult-team-member-bio-wrap.ultimate-heading69eb829a55a70 .ult-team-member-description'  data-responsive-json-new='{\"font-size\":\"desktop:19px;\",\"line-height\":\"desktop:33px;\"}'  style=\"font-family:Poppins;font-weight:500;;\"><p>Zastosowanie kompletu procedur maj\u0105cych na celu zapewnienie bezpiecze\u0144stwa personelu oraz wszystkich uczestnik\u00f3w i organizator\u00f3w, w oparciu o najnowsze wytyczne<\/p><\/div><div style=\"margin-bottom:15px\"><\/div><\/div><\/div><\/div>[\/vc_column][vc_column width=&#8221;1\/4&#8243;]<div class=\"ult-team-member-wrap ult-style-1 gteam1280fix \"><a href=\"https:\/\/rival.pl\/event-online\/\" title=\"Event online\" ><div class=\"ult-team-member-image\" style=\"\"> <img decoding=\"async\" class=\"\" src=\"https:\/\/rival.pl\/wp-content\/uploads\/2020\/08\/Event-Online.png\" alt=\"null\"  style=\"\"><span class=\"ult-team-member-image-overlay ult-team_img_hover\" data-background_clr = \"rgba(87,226,205,0.45)\" ><\/span><\/div><\/a><div class=\"ult-team-member-bio-wrap style-1 ultimate-heading69eb829a55d80\" style=\"text-align:center;; \"><div class=\"ult-team-member-name-wrap\"><a href=\"https:\/\/rival.pl\/event-online\/\" title=\"Event online\"  style=\"text-decoration: none;\"><h2 class=\"ult-team-member-name ult-responsive\"  data-ultimate-target='.ult-team-member-bio-wrap.ultimate-heading69eb829a55d80 .ult-team-member-name'  data-responsive-json-new='{\"font-size\":\"desktop:21px;\",\"line-height\":\"\"}'  style=\"font-family:Poppins;font-weight:500;color:#717174;\">Event online<\/h2><\/a><div class=\"ult-team-member-description ult-responsive\"  data-ultimate-target='.ult-team-member-bio-wrap.ultimate-heading69eb829a55d80 .ult-team-member-description'  data-responsive-json-new='{\"font-size\":\"\",\"line-height\":\"\"}'  style=\"\"><p>Do \u015bwiata wirtualnego przenie\u015bli\u015bmy niemal wszystkie rodzaje wydarze\u0144, kt\u00f3re organizujemy od lat: konferencje, szkolenia, webinary, prezentacje, warsztaty, spotkania wewn\u0119trzne, wydarzenia marketingowe, koncerty i wiele wi\u0119cej!<\/p><\/div><div style=\"margin-bottom:15px\"><\/div><\/div><\/div><\/div>[\/vc_column][vc_column css_animation=&#8221;none&#8221; width=&#8221;1\/4&#8243;]<div class=\"ult-team-member-wrap ult-style-1 gteam1280fix \"><a href=\"https:\/\/rival.pl\/stoiska-wirtualne-targowe\/\" title=\"Stoiska wirtualne i targowe\" ><div class=\"ult-team-member-image\" style=\"\"> <img decoding=\"async\" class=\"\" src=\"https:\/\/rival.pl\/wp-content\/uploads\/2020\/08\/Stoisko-Wirtualne.png\" alt=\"null\"  style=\"\"><span class=\"ult-team-member-image-overlay ult-team_img_hover\" data-background_clr = \"rgba(87,226,205,0.45)\" ><\/span><\/div><\/a><div class=\"ult-team-member-bio-wrap style-1 ultimate-heading69eb829a56060\" style=\"text-align:center;; \"><div class=\"ult-team-member-name-wrap\"><a href=\"https:\/\/rival.pl\/stoiska-wirtualne-targowe\/\" title=\"Stoiska wirtualne i targowe\"  style=\"text-decoration: none;\"><h2 class=\"ult-team-member-name ult-responsive\"  data-ultimate-target='.ult-team-member-bio-wrap.ultimate-heading69eb829a56060 .ult-team-member-name'  data-responsive-json-new='{\"font-size\":\"desktop:21px;\",\"line-height\":\"\"}'  style=\"font-family:Poppins;font-weight:500;color:#717174;\">Stoiska wirtualne i targowe<\/h2><\/a><div class=\"ult-team-member-description ult-responsive\"  data-ultimate-target='.ult-team-member-bio-wrap.ultimate-heading69eb829a56060 .ult-team-member-description'  data-responsive-json-new='{\"font-size\":\"\",\"line-height\":\"\"}'  style=\"\"><p>Bardzo du\u017ce mo\u017cliwo\u015bci interakcji u\u017cytkownika poprzez wirtualn\u0105 rzeczywisto\u015b\u0107 pozwalaj\u0105 dok\u0142adnie obejrze\u0107 produkty i materia\u0142y klienta: projektowanie, dostosowanie do potrzeb klienta, silnik targowy, personalizacja, interaktywno\u015b\u0107<\/p><\/div><div style=\"margin-bottom:15px\"><\/div><\/div><\/div><\/div>[\/vc_column][vc_column width=&#8221;1\/4&#8243;]<div class=\"ult-team-member-wrap ult-style-1 gteam1280fix \"><a href=\"https:\/\/rival.pl\/streaming-wydarzen\/\" title=\"Streaming wydarze\u0144\" ><div class=\"ult-team-member-image\" style=\"\"> <img decoding=\"async\" class=\"\" src=\"https:\/\/rival.pl\/wp-content\/uploads\/2020\/08\/Streaming-Wydarzen.png\" alt=\"null\"  style=\"\"><span class=\"ult-team-member-image-overlay ult-team_img_hover\" data-background_clr = \"rgba(87,226,205,0.45)\" ><\/span><\/div><\/a><div class=\"ult-team-member-bio-wrap style-1 ultimate-heading69eb829a56205\" style=\"text-align:center;; \"><div class=\"ult-team-member-name-wrap\"><a href=\"https:\/\/rival.pl\/streaming-wydarzen\/\" title=\"Streaming wydarze\u0144\"  style=\"text-decoration: none;\"><h2 class=\"ult-team-member-name ult-responsive\"  data-ultimate-target='.ult-team-member-bio-wrap.ultimate-heading69eb829a56205 .ult-team-member-name'  data-responsive-json-new='{\"font-size\":\"desktop:21px;\",\"line-height\":\"\"}'  style=\"font-family:Poppins;font-weight:500;color:#717174;\">Streaming wydarze\u0144<\/h2><\/a><div class=\"ult-team-member-description ult-responsive\"  data-ultimate-target='.ult-team-member-bio-wrap.ultimate-heading69eb829a56205 .ult-team-member-description'  data-responsive-json-new='{\"font-size\":\"\",\"line-height\":\"\"}'  style=\"\"><p>Transmisje internetowe realizujemy za pomoc\u0105 najnowszych encoder\u00f3w, oraz wydajnych, dedykowanych serwer\u00f3w, kt\u00f3re pozwalaj\u0105 nam obs\u0142u\u017cy\u0107 nieograniczon\u0105 liczb\u0119 odbiorc\u00f3w w jako\u015bci HD<\/p><\/div><div style=\"margin-bottom:15px\"><\/div><\/div><\/div><\/div>[\/vc_column][\/vc_row][vc_row full_width=&#8221;stretch_row&#8221;][vc_column]<div id=\"uvc-type-wrap-1673\"  data-ultimate-target='#uvc-type-wrap-1673'  data-responsive-json-new='{\"font-size\":\"desktop:35px;\",\"line-height\":\"desktop:55px;\"}'  class=\"uvc-type-wrap vc_custom_1597662087351 ult-adjust-bottom-margin ult-responsive  uvc-type-align-center uvc-type-no-prefix uvc-wrap-122535248769eb829a56269\" style=\"text-align:center;\"><span id=\"typed-122535248769eb829a56269\" class=\"ultimate-typed-main \" style=\"color:#57e2cd; font-family:&#039;Poppins&#039;;font-weight:normal; text-transform: unset;\"><\/span><script type=\"text\/javascript\">\n\t\t\t\t\t\tjQuery(function($){ \n\t\t\t\t\t\t\t$(document).ready(function(){\n\t\t\t\t\t\t\t\tif( typeof jQuery(\"#typed-122535248769eb829a56269\").typed == \"function\"){\n\t\t\t\t\t\t\t\t\t$(\"#typed-122535248769eb829a56269\").typed({\n\t\t\t\t\t\t\t\t\t\tstrings: [\"Nasze narz\u0119dzia\"],\n\t\t\t\t\t\t\t\t\t\ttypeSpeed: 35,\n\t\t\t\t\t\t\t\t\t\tbackSpeed: 0,\n\t\t\t\t\t\t\t\t\t\tstartDelay: \"200\",\n\t\t\t\t\t\t\t\t\t\tbackDelay: \"1500\",\n\t\t\t\t\t\t\t\t\t\tloop: false,\n\t\t\t\t\t\t\t\t\t\tloopCount: false,\n\t\t\t\t\t\t\t\t\t\tshowCursor: true,\n\t\t\t\t\t\t\t\t\t\tcursorChar: \"|\",\n\t\t\t\t\t\t\t\t\t\tattr: null\n\t\t\t\t\t\t\t\t\t});\n\t\t\t\t\t\t\t\t}\n\t\t\t\t\t\t\t});\n\t\t\t\t\t\t});\n\t\t\t\t\t<\/script><\/div>[\/vc_column][\/vc_row][vc_row full_width=&#8221;stretch_row&#8221; css_animation=&#8221;none&#8221; bg_type=&#8221;bg_color&#8221; seperator_enable=&#8221;seperator_enable_value&#8221; seperator_position=&#8221;bottom_seperator&#8221; css=&#8221;.vc_custom_1597662034479{margin-right: 75px !important;margin-left: 75px !important;padding-top: 5px !important;}&#8221; bg_color_value=&#8221;#f7f7f7&#8243; el_class=&#8221;gteamrow&#8221;][vc_column width=&#8221;1\/4&#8243;]<div class=\"ult-team-member-wrap ult-style-1 gteam1280fix \"><a href=\"https:\/\/rival.pl\/studio-online\/\" title=\"Studio online\" ><div class=\"ult-team-member-image\" style=\"\"> <img decoding=\"async\" class=\"\" src=\"https:\/\/rival.pl\/wp-content\/uploads\/2020\/08\/Studio-Online.png\" alt=\"null\"  style=\"\"><span class=\"ult-team-member-image-overlay ult-team_img_hover\" data-background_clr = \"rgba(87,226,205,0.45)\" ><\/span><\/div><\/a><div class=\"ult-team-member-bio-wrap style-1 ultimate-heading69eb829a56691\" style=\"text-align:center;; \"><div class=\"ult-team-member-name-wrap\"><a href=\"https:\/\/rival.pl\/studio-online\/\" title=\"Studio online\"  style=\"text-decoration: none;\"><h2 class=\"ult-team-member-name ult-responsive\"  data-ultimate-target='.ult-team-member-bio-wrap.ultimate-heading69eb829a56691 .ult-team-member-name'  data-responsive-json-new='{\"font-size\":\"desktop:21px;\",\"line-height\":\"\"}'  style=\"font-family:Poppins;font-weight:500;color:#717174;\">Studio online<\/h2><\/a><div class=\"ult-team-member-description ult-responsive\"  data-ultimate-target='.ult-team-member-bio-wrap.ultimate-heading69eb829a56691 .ult-team-member-description'  data-responsive-json-new='{\"font-size\":\"\",\"line-height\":\"\"}'  style=\"font-family:inherit;\"><p><\/p>\n<ul>\n<li>profesjonalne studio<\/li>\n<li>ekran diodowy<\/li>\n<li>greenbox<\/li>\n<li>streaming<\/li>\n<li>re\u017cyseria i scenariusz<\/li>\n<li>realizacja obrazu i d\u017awi\u0119ku<\/li>\n<li>po\u0142\u0105czenie z prelegentami<\/li>\n<\/ul>\n<p><\/p><\/div><div style=\"margin-bottom:15px\"><\/div><\/div><\/div><\/div>[\/vc_column][vc_column width=&#8221;1\/4&#8243;]<div class=\"ult-team-member-wrap ult-style-1 gteam1280fix \"><a href=\"https:\/\/rival.pl\/platforma-komunikacyjna\/\" title=\"Platforma komunikacyjna\" ><div class=\"ult-team-member-image\" style=\"\"> <img decoding=\"async\" class=\"\" src=\"https:\/\/rival.pl\/wp-content\/uploads\/2020\/08\/Platforma-Komunikacyjna.png\" alt=\"null\"  style=\"\"><span class=\"ult-team-member-image-overlay ult-team_img_hover\" data-background_clr = \"rgba(87,226,205,0.45)\" ><\/span><\/div><\/a><div class=\"ult-team-member-bio-wrap style-1 ultimate-heading69eb829a56a18\" style=\"text-align:center;; \"><div class=\"ult-team-member-name-wrap\"><a href=\"https:\/\/rival.pl\/platforma-komunikacyjna\/\" title=\"Platforma komunikacyjna\"  style=\"text-decoration: none;\"><h2 class=\"ult-team-member-name ult-responsive\"  data-ultimate-target='.ult-team-member-bio-wrap.ultimate-heading69eb829a56a18 .ult-team-member-name'  data-responsive-json-new='{\"font-size\":\"desktop:21px;\",\"line-height\":\"\"}'  style=\"font-family:Poppins;font-weight:500;color:#717174;\">Platforma komunikacyjna<\/h2><\/a><div class=\"ult-team-member-description ult-responsive\"  data-ultimate-target='.ult-team-member-bio-wrap.ultimate-heading69eb829a56a18 .ult-team-member-description'  data-responsive-json-new='{\"font-size\":\"\",\"line-height\":\"\"}'  style=\"\"><p><\/p>\n<ul>\n<li>rozbudowana<\/li>\n<li>bezpieczne po\u0142\u0105czenie<\/li>\n<li>personalizacja<\/li>\n<li>branding<\/li>\n<li>pokoje konferencyjne<\/li>\n<li>praca w podgrupach<\/li>\n<li>rejestracja uczestnik\u00f3w<\/li>\n<\/ul>\n<p><\/p><\/div><div style=\"margin-bottom:15px\"><\/div><\/div><\/div><\/div>[\/vc_column][vc_column css_animation=&#8221;none&#8221; width=&#8221;1\/4&#8243;]<div class=\"ult-team-member-wrap ult-style-1 gteam1280fix \"><a href=\"https:\/\/rival.pl\/studio-kreatywne\/\" title=\"Studio kreatywne\" ><div class=\"ult-team-member-image\" style=\"\"> <img decoding=\"async\" class=\"\" src=\"https:\/\/rival.pl\/wp-content\/uploads\/2020\/08\/Studio-Kreatywne.png\" alt=\"null\"  style=\"\"><span class=\"ult-team-member-image-overlay ult-team_img_hover\" data-background_clr = \"rgba(87,226,205,0.45)\" ><\/span><\/div><\/a><div class=\"ult-team-member-bio-wrap style-1 ultimate-heading69eb829a56d67\" style=\"text-align:center;; \"><div class=\"ult-team-member-name-wrap\"><a href=\"https:\/\/rival.pl\/studio-kreatywne\/\" title=\"Studio kreatywne\"  style=\"text-decoration: none;\"><h2 class=\"ult-team-member-name ult-responsive\"  data-ultimate-target='.ult-team-member-bio-wrap.ultimate-heading69eb829a56d67 .ult-team-member-name'  data-responsive-json-new='{\"font-size\":\"desktop:21px;\",\"line-height\":\"\"}'  style=\"font-family:Poppins;font-weight:500;color:#717174;\">Studio kreatywne<\/h2><\/a><div class=\"ult-team-member-description ult-responsive\"  data-ultimate-target='.ult-team-member-bio-wrap.ultimate-heading69eb829a56d67 .ult-team-member-description'  data-responsive-json-new='{\"font-size\":\"\",\"line-height\":\"\"}'  style=\"\"><p>Posiadamy w\u0142asny rozbudowany zesp\u00f3\u0142 tworz\u0105cy kompletn\u0105 koncepcje kreatywn\u0105 wraz z opraw\u0105 graficzn\u0105:<\/p>\n<ul>\n<li>zesp\u00f3\u0142 kreatywny<\/li>\n<li>studio 2D<\/li>\n<li>dedykowani graficy 3D<\/li>\n<\/ul>\n<p><\/p><\/div><div style=\"margin-bottom:15px\"><\/div><\/div><\/div><\/div>[\/vc_column][vc_column width=&#8221;1\/4&#8243;]<div class=\"ult-team-member-wrap ult-style-1 gteam1280fix \"><a href=\"https:\/\/rival.pl\/procedury-ochronne\/\" title=\"Procedury ochronne\" ><div class=\"ult-team-member-image\" style=\"\"> <img decoding=\"async\" class=\"\" src=\"https:\/\/rival.pl\/wp-content\/uploads\/2020\/08\/Procedury-Ochronne.png\" alt=\"null\"  style=\"\"><span class=\"ult-team-member-image-overlay ult-team_img_hover\" data-background_clr = \"rgba(87,226,205,0.45)\" ><\/span><\/div><\/a><div class=\"ult-team-member-bio-wrap style-1 ultimate-heading69eb829a570e0\" style=\"text-align:center;; \"><div class=\"ult-team-member-name-wrap\"><a href=\"https:\/\/rival.pl\/procedury-ochronne\/\" title=\"Procedury ochronne\"  style=\"text-decoration: none;\"><h2 class=\"ult-team-member-name ult-responsive\"  data-ultimate-target='.ult-team-member-bio-wrap.ultimate-heading69eb829a570e0 .ult-team-member-name'  data-responsive-json-new='{\"font-size\":\"desktop:21px;\",\"line-height\":\"\"}'  style=\"font-family:Poppins;font-weight:500;color:#717174;\">Procedury ochronne COVID-19<\/h2><\/a><div class=\"ult-team-member-description ult-responsive\"  data-ultimate-target='.ult-team-member-bio-wrap.ultimate-heading69eb829a570e0 .ult-team-member-description'  data-responsive-json-new='{\"font-size\":\"\",\"line-height\":\"\"}'  style=\"\"><p>Zabezpieczenie wydarzenia w oparciu o najnowsze wytyczne MZ i mi\u0119dzynarodowych organizacji<\/p><\/div><div style=\"margin-bottom:15px\"><\/div><\/div><\/div><\/div>[\/vc_column][\/vc_row][vc_row full_width=&#8221;stretch_row&#8221; css_animation=&#8221;none&#8221; bg_type=&#8221;bg_color&#8221; parallax_content=&#8221;parallax_content_value&#8221; seperator_enable=&#8221;seperator_enable_value&#8221; seperator_position=&#8221;bottom_seperator&#8221; css=&#8221;.vc_custom_1586356121739{margin-top: 75px !important;margin-right: 45px !important;margin-left: 45px !important;padding-top: 25px !important;padding-bottom: 25px !important;}&#8221; bg_color_value=&#8221;#717174&#8243;][vc_column offset=&#8221;vc_col-lg-offset-1 vc_col-lg-10&#8243;]<div id=\"uvc-type-wrap-4987\"  data-ultimate-target='#uvc-type-wrap-4987'  data-responsive-json-new='{\"font-size\":\"desktop:35px;mobile_landscape:33px;mobile:30px;\",\"line-height\":\"desktop:75px;mobile_landscape:55px;mobile:55px;\"}'  class=\"uvc-type-wrap vc_custom_1586353297625 ult-adjust-bottom-margin ult-responsive  uvc-type-align-center uvc-type-no-prefix uvc-wrap-178822068569eb829a57143\" style=\"text-align:center;\"><span id=\"typed-178822068569eb829a57143\" class=\"ultimate-typed-main \" style=\"color:#ffffff; font-family:&#039;Poppins&#039;;font-weight:300; text-transform: unset;\"><\/span><script type=\"text\/javascript\">\n\t\t\t\t\t\tjQuery(function($){ \n\t\t\t\t\t\t\t$(document).ready(function(){\n\t\t\t\t\t\t\t\tif( typeof jQuery(\"#typed-178822068569eb829a57143\").typed == \"function\"){\n\t\t\t\t\t\t\t\t\t$(\"#typed-178822068569eb829a57143\").typed({\n\t\t\t\t\t\t\t\t\t\tstrings: [\"Skontaktuj si\u0119 z nami\"],\n\t\t\t\t\t\t\t\t\t\ttypeSpeed: 35,\n\t\t\t\t\t\t\t\t\t\tbackSpeed: 0,\n\t\t\t\t\t\t\t\t\t\tstartDelay: \"200\",\n\t\t\t\t\t\t\t\t\t\tbackDelay: \"5000\",\n\t\t\t\t\t\t\t\t\t\tloop: true,\n\t\t\t\t\t\t\t\t\t\tloopCount: false,\n\t\t\t\t\t\t\t\t\t\tshowCursor: true,\n\t\t\t\t\t\t\t\t\t\tcursorChar: \"|\",\n\t\t\t\t\t\t\t\t\t\tattr: null\n\t\t\t\t\t\t\t\t\t});\n\t\t\t\t\t\t\t\t}\n\t\t\t\t\t\t\t});\n\t\t\t\t\t\t});\n\t\t\t\t\t<\/script><style>\n\t\t\t\t\t\t\t.uvc-wrap-178822068569eb829a57143 .typed-cursor {\n\t\t\t\t\t\t\t\tcolor:#ffffff;\n\t\t\t\t\t\t\t}\n\t\t\t\t\t\t<\/style><\/div><div class=\"aio-icon-component   kontaktonline style_1\"><div id=\"Info-box-wrap-2993\" class=\"aio-icon-box default-icon\" style=\"\"  ><div class=\"aio-icon-description ult-responsive\"  data-ultimate-target='#Info-box-wrap-2993 .aio-icon-description'  data-responsive-json-new='{\"font-size\":\"desktop:22px;\",\"line-height\":\"desktop:35px;\"}'  style=\"font-family:&#039;Poppins&#039;;font-weight:300;color:#ffffff;\"><\/p>\n<p style=\"text-align: center;\"><a href=\"mailto:rival@rival.pl\">rival@rival.pl<\/a><\/p>\n<p style=\"text-align: center;\"><a href=\"tel:+48 501 189 735\">501 189 735<\/a><\/p>\n<p><\/div> <!-- description --><\/div> <!-- aio-icon-box --><\/div> <!-- aio-icon-component -->[\/vc_column][\/vc_row]<\/p>\n","protected":false},"excerpt":{"rendered":"<p>[vc_row full_width=&#8221;stretch_row&#8221; css_animation=&#8221;none&#8221; bg_type=&#8221;image&#8221; parallax_style=&#8221;vcpb-vz-jquery&#8221; bg_image_new=&#8221;id^197|url^http:\/\/rival.pl\/wp-content\/uploads\/2017\/06\/triangles_thin_bg.jpg|caption^null|alt^null|title^triangles_thin_bg|description^null&#8221; parallax_content=&#8221;parallax_content_value&#8221; seperator_enable=&#8221;seperator_enable_value&#8221; seperator_type=&#8221;xlarge_triangle_left_seperator&#8221; seperator_position=&#8221;bottom_seperator&#8221; seperator_svg_height=&#8221;175&#8243; seperator_shape_background=&#8221;#f7f7f7&#8243; css=&#8221;.vc_custom_1597666421445{margin-right: 45px !important;margin-left: 45px !important;padding-top: 75px !important;padding-bottom: 225px !important;}&#8221;][vc_column][\/vc_column][\/vc_row][vc_row full_width=&#8221;stretch_row&#8221;][vc_column][\/vc_column][\/vc_row][vc_row full_width=&#8221;stretch_row&#8221; css_animation=&#8221;none&#8221; bg_type=&#8221;bg_color&#8221; seperator_enable=&#8221;seperator_enable_value&#8221; seperator_position=&#8221;bottom_seperator&#8221; css=&#8221;.vc_custom_1597661936668{margin-right: 75px !important;margin-left: 75px !important;padding-top: 5px !important;}&#8221; bg_color_value=&#8221;#f7f7f7&#8243; el_class=&#8221;gteamrow&#8221;][vc_column width=&#8221;1\/4&#8243;][\/vc_column][vc_column width=&#8221;1\/4&#8243;][\/vc_column][vc_column css_animation=&#8221;none&#8221; width=&#8221;1\/4&#8243;][\/vc_column][vc_column width=&#8221;1\/4&#8243;][\/vc_column][\/vc_row][vc_row full_width=&#8221;stretch_row&#8221;][vc_column][\/vc_column][\/vc_row][vc_row full_width=&#8221;stretch_row&#8221; css_animation=&#8221;none&#8221; bg_type=&#8221;bg_color&#8221; seperator_enable=&#8221;seperator_enable_value&#8221; seperator_position=&#8221;bottom_seperator&#8221; css=&#8221;.vc_custom_1597662034479{margin-right: 75px !important;margin-left: 75px !important;padding-top: 5px !important;}&#8221; bg_color_value=&#8221;#f7f7f7&#8243; [&hellip;]<\/p>\n","protected":false},"author":1,"featured_media":0,"parent":0,"menu_order":0,"comment_status":"closed","ping_status":"closed","template":"","meta":{"footnotes":""},"class_list":["post-2769","page","type-page","status-publish","hentry"],"_links":{"self":[{"href":"https:\/\/rival.pl\/en\/wp-json\/wp\/v2\/pages\/2769","targetHints":{"allow":["GET"]}}],"collection":[{"href":"https:\/\/rival.pl\/en\/wp-json\/wp\/v2\/pages"}],"about":[{"href":"https:\/\/rival.pl\/en\/wp-json\/wp\/v2\/types\/page"}],"author":[{"embeddable":true,"href":"https:\/\/rival.pl\/en\/wp-json\/wp\/v2\/users\/1"}],"replies":[{"embeddable":true,"href":"https:\/\/rival.pl\/en\/wp-json\/wp\/v2\/comments?post=2769"}],"version-history":[{"count":4,"href":"https:\/\/rival.pl\/en\/wp-json\/wp\/v2\/pages\/2769\/revisions"}],"predecessor-version":[{"id":2809,"href":"https:\/\/rival.pl\/en\/wp-json\/wp\/v2\/pages\/2769\/revisions\/2809"}],"wp:attachment":[{"href":"https:\/\/rival.pl\/en\/wp-json\/wp\/v2\/media?parent=2769"}],"curies":[{"name":"wp","href":"https:\/\/api.w.org\/{rel}","templated":true}]}}